{"id":892,"date":"2026-04-28T22:29:52","date_gmt":"2026-04-28T20:29:52","guid":{"rendered":"https:\/\/gavf44.fr\/site-prd\/?page_id=892"},"modified":"2026-04-28T22:29:52","modified_gmt":"2026-04-28T20:29:52","slug":"classement-challenge-y-drouet-2026","status":"publish","type":"page","link":"http:\/\/gavf44.fr\/site-prd\/classement-challenge-y-drouet-2026\/","title":{"rendered":"Classement Challenge Y.Drouet 2026"},"content":{"rendered":"\n<p>Participation &amp; classement &#8211; Challenge Yannick DROUET organis\u00e9 par le <em><strong>GAVF44<\/strong><\/em><br>le 26 avril 2026 \u00e0 St Mars du D\u00e9sert<\/p>\n\n\n\n<figure class=\"wp-block-table is-style-stripes\">\n<table class=\"has-fixed-layout aligncenter\" style=\"height: 340px; width: 74.1635%;\">\n<tbody>\n<tr style=\"height: 20px;\">\n<td class=\"has-text-align-center\" style=\"width: 50%; height: 20px;\" data-align=\"center\"><strong>1<\/strong><\/td>\n<td class=\"has-text-align-center\" style=\"width: 89.3907%; height: 20px;\" data-align=\"center\"><strong>SUCE-sur-ERDRE<\/strong><\/td>\n<\/tr>\n<tr style=\"height: 20px;\">\n<td class=\"has-text-align-center\" style=\"width: 50%; height: 20px;\" data-align=\"center\"><strong>2<\/strong><\/td>\n<td class=\"has-text-align-center\" style=\"width: 89.3907%; height: 20px;\" data-align=\"center\">LA CHAPELAINE<\/td>\n<\/tr>\n<tr style=\"height: 20px;\">\n<td class=\"has-text-align-center\" style=\"width: 50%; height: 20px;\" data-align=\"center\"><strong>3<\/strong><\/td>\n<td class=\"has-text-align-center\" style=\"width: 89.3907%; height: 20px;\" data-align=\"center\">ST MEDARD de DOULON<\/td>\n<\/tr>\n<tr style=\"height: 20px;\">\n<td class=\"has-text-align-center\" style=\"width: 50%; height: 20px;\" data-align=\"center\"><strong>4<\/strong><\/td>\n<td class=\"has-text-align-center\" style=\"width: 89.3907%; height: 20px;\" data-align=\"center\">CARQUEFOU LA MADELEINE<\/td>\n<\/tr>\n<tr style=\"height: 20px;\">\n<td class=\"has-text-align-center\" style=\"width: 50%; height: 20px;\" data-align=\"center\"><strong>5<\/strong><\/td>\n<td class=\"has-text-align-center\" style=\"width: 89.3907%; height: 20px;\" data-align=\"center\">ST JOSEPH DE PORTERIE<\/td>\n<\/tr>\n<tr style=\"height: 20px;\">\n<td class=\"has-text-align-center\" style=\"width: 50%; height: 20px;\" data-align=\"center\"><strong>6<\/strong><\/td>\n<td class=\"has-text-align-center\" style=\"width: 89.3907%; height: 20px;\" data-align=\"center\">ASON<\/td>\n<\/tr>\n<tr style=\"height: 20px;\">\n<td class=\"has-text-align-center\" style=\"width: 50%; height: 20px;\" data-align=\"center\"><strong>7<\/strong><\/td>\n<td class=\"has-text-align-center\" style=\"width: 89.3907%; height: 20px;\" data-align=\"center\">THOUARE<\/td>\n<\/tr>\n<tr style=\"height: 20px;\">\n<td class=\"has-text-align-center\" style=\"width: 50%; height: 20px;\" data-align=\"center\"><strong>8<\/strong><\/td>\n<td class=\"has-text-align-center\" style=\"width: 89.3907%; height: 20px;\" data-align=\"center\">LE LOROUX LANDREAU<\/td>\n<\/tr>\n<tr style=\"height: 20px;\">\n<td class=\"has-text-align-center\" style=\"width: 50%; height: 20px;\" data-align=\"center\"><strong>9<\/strong><\/td>\n<td class=\"has-text-align-center\" style=\"width: 89.3907%; height: 20px;\" data-align=\"center\">AC CHAPELAIN<\/td>\n<\/tr>\n<tr style=\"height: 20px;\">\n<td class=\"has-text-align-center\" style=\"width: 50%; height: 20px;\" data-align=\"center\"><strong>10<\/strong><\/td>\n<td class=\"has-text-align-center\" style=\"width: 89.3907%; height: 20px;\" data-align=\"center\">ST AUBIN DE GUERANDE<\/td>\n<\/tr>\n<tr style=\"height: 20px;\">\n<td class=\"has-text-align-center\" style=\"width: 50%; height: 20px;\" data-align=\"center\"><strong>11<\/strong><\/td>\n<td class=\"has-text-align-center\" style=\"width: 89.3907%; height: 20px;\" data-align=\"center\">ST MARS DU DESERT<\/td>\n<\/tr>\n<tr style=\"height: 20px;\">\n<td class=\"has-text-align-center\" style=\"width: 50%; height: 20px;\" data-align=\"center\"><strong>12<\/strong><\/td>\n<td class=\"has-text-align-center\" style=\"width: 89.3907%; height: 20px;\" data-align=\"center\">PONTCHATEAU<\/td>\n<\/tr>\n<tr style=\"height: 20px;\">\n<td class=\"has-text-align-center\" style=\"width: 50%; height: 20px;\" data-align=\"center\"><strong>13<\/strong><\/td>\n<td class=\"has-text-align-center\" style=\"width: 89.3907%; height: 20px;\" data-align=\"center\">ASEN<\/td>\n<\/tr>\n<tr style=\"height: 20px;\">\n<td class=\"has-text-align-center\" style=\"width: 50%; height: 20px;\" data-align=\"center\"><strong>14<\/strong><\/td>\n<td class=\"has-text-align-center\" style=\"width: 89.3907%; height: 20px;\" data-align=\"center\">ST BREVIN<\/td>\n<\/tr>\n<tr style=\"height: 20px;\">\n<td class=\"has-text-align-center\" style=\"width: 50%; height: 20px;\" data-align=\"center\"><strong>15<\/strong><\/td>\n<td class=\"has-text-align-center\" style=\"width: 89.3907%; height: 20px;\" data-align=\"center\">NORT sur ERDRE<\/td>\n<\/tr>\n<tr style=\"height: 20px;\">\n<td class=\"has-text-align-center\" style=\"width: 50%; height: 20px;\" data-align=\"center\"><strong>16<\/strong><\/td>\n<td class=\"has-text-align-center\" style=\"width: 89.3907%; height: 20px;\" data-align=\"center\">USSA VERTOU<\/td>\n<\/tr>\n<tr style=\"height: 20px;\">\n<td class=\"has-text-align-center\" style=\"width: 50%; height: 20px;\" data-align=\"center\">\u00a0<\/td>\n<td class=\"has-text-align-center\" style=\"width: 89.3907%; height: 20px;\" data-align=\"center\">\u00a0<\/td>\n<\/tr>\n<\/tbody>\n<\/table>\n<\/figure>\n\n\n\n<p><strong><a href=\"https:\/\/photos.app.goo.gl\/yE1vPWVXvbuaY5376\" target=\"_blank\" rel=\"noreferrer noopener\">Voir les photos<\/a><\/strong><\/p>\n\n\n\n<p><\/p>\n","protected":false},"excerpt":{"rendered":"<p>Participation &amp; classement &#8211; Challenge Yannick DROUET organis\u00e9 par le GAVF44le 26 avril 2026 \u00e0 St Mars du D\u00e9sert 1 SUCE-sur-ERDRE 2 LA CHAPELAINE 3 ST MEDARD de DOULON 4 CARQUEFOU LA MADELEINE 5 ST JOSEPH DE PORTERIE 6 ASON 7 THOUARE 8 LE LOROUX LANDREAU 9 AC CHAPELAIN 10 ST AUBIN DE GUERANDE 11 ST MARS DU DESERT 12&#46;&#46;&#46;<\/p>\n","protected":false},"author":1,"featured_media":0,"parent":0,"menu_order":0,"comment_status":"closed","ping_status":"closed","template":"","meta":{"footnotes":""},"class_list":["post-892","page","type-page","status-publish","hentry"],"_links":{"self":[{"href":"http:\/\/gavf44.fr\/site-prd\/wp-json\/wp\/v2\/pages\/892","targetHints":{"allow":["GET"]}}],"collection":[{"href":"http:\/\/gavf44.fr\/site-prd\/wp-json\/wp\/v2\/pages"}],"about":[{"href":"http:\/\/gavf44.fr\/site-prd\/wp-json\/wp\/v2\/types\/page"}],"author":[{"embeddable":true,"href":"http:\/\/gavf44.fr\/site-prd\/wp-json\/wp\/v2\/users\/1"}],"replies":[{"embeddable":true,"href":"http:\/\/gavf44.fr\/site-prd\/wp-json\/wp\/v2\/comments?post=892"}],"version-history":[{"count":9,"href":"http:\/\/gavf44.fr\/site-prd\/wp-json\/wp\/v2\/pages\/892\/revisions"}],"predecessor-version":[{"id":901,"href":"http:\/\/gavf44.fr\/site-prd\/wp-json\/wp\/v2\/pages\/892\/revisions\/901"}],"wp:attachment":[{"href":"http:\/\/gavf44.fr\/site-prd\/wp-json\/wp\/v2\/media?parent=892"}],"curies":[{"name":"wp","href":"https:\/\/api.w.org\/{rel}","templated":true}]}}